{"id":2372,"date":"2019-08-22T17:59:46","date_gmt":"2019-08-22T14:59:46","guid":{"rendered":"http:\/\/www.gokhanyorgancigil.com\/?page_id=2372"},"modified":"2019-08-22T18:10:54","modified_gmt":"2019-08-22T15:10:54","slug":"sorulariniz-icin","status":"publish","type":"page","link":"https:\/\/www.gokhanyorgancigil.com\/?page_id=2372","title":{"rendered":"Sorular\u0131n\u0131z i\u00e7in:"},"content":{"rendered":"\n<h2 class=\"wp-block-heading\">Senaryonuzu yazd\u0131n\u0131z bitti ama nas\u0131l hayata ge\u00e7ireceksiniz? Sorular\u0131n\u0131z varsa l\u00fctfen <a href=\"https:\/\/www.gokhanyorgancigil.com\/?p=1936\">bu ba\u011flant\u0131ya t\u0131klay\u0131n<\/a> ve yorum olarak sorunuzu sorun.<\/h2>\n\n\n\n<h2 class=\"wp-block-heading\">Senaryo yaz\u0131yorsunuz, tak\u0131ld\u0131n\u0131z. Senaryo yaz\u0131m\u0131 ile ilgili sorular\u0131n\u0131z\u0131 <a href=\"http:\/\/www.gokhanyorgancigil.com\/?p=1742\">bu ba\u011flant\u0131ya t\u0131klay\u0131p<\/a> yorum olarak sorabilirsiniz.<\/h2>\n\n\n\n<h2 class=\"wp-block-heading\">Yazarl\u0131k ve yazma sanat\u0131yla ilgili tart\u0131\u015fmalardan uzak kalmak istemiyorsunuz. Fikirlerinizi l\u00fctfen <a href=\"http:\/\/www.gokhanyorgancigil.com\/?p=2363\">bu ba\u011flant\u0131ya t\u0131klayarak<\/a> yorum\/soru olarak yaz\u0131n.<\/h2>\n\n\n\n<p>Kar\u0131\u015f\u0131kl\u0131klar\u0131n \u00f6n\u00fcne ge\u00e7mek i\u00e7in yukar\u0131da ba\u011flant\u0131lar\u0131n\u0131 verdi\u011fimiz sayfalar d\u0131\u015f\u0131nda soru-cevap kabul edilmemektedir.<br>\u0130lan sayfas\u0131na gelen \u00e7ok say\u0131da soru i\u00e7in b\u00f6yle bir uygulamaya gidiyoruz, \u00e7\u00fcnk\u00fc ilan okumak isteyenler (mesela yap\u0131mc\u0131lar) soru cevap okumak istemeyeceklerdir.<\/p>\n","protected":false},"excerpt":{"rendered":"<p>Senaryonuzu yazd\u0131n\u0131z bitti ama nas\u0131l hayata ge\u00e7ireceksiniz? Sorular\u0131n\u0131z varsa l\u00fctfen bu ba\u011flant\u0131ya t\u0131klay\u0131n ve yorum olarak sorunuzu sorun. Senaryo yaz\u0131yorsunuz, tak\u0131ld\u0131n\u0131z. Senaryo yaz\u0131m\u0131 ile ilgili sorular\u0131n\u0131z\u0131 bu ba\u011flant\u0131ya t\u0131klay\u0131p yorum olarak sorabilirsiniz. Yazarl\u0131k ve yazma sanat\u0131yla ilgili tart\u0131\u015fmalardan uzak kalmak istemiyorsunuz. Fikirlerinizi l\u00fctfen bu ba\u011flant\u0131ya t\u0131klayarak yorum\/soru olarak yaz\u0131n. Kar\u0131\u015f\u0131kl\u0131klar\u0131n \u00f6n\u00fcne ge\u00e7mek i\u00e7in yukar\u0131da ba\u011flant\u0131lar\u0131n\u0131 [&hellip;]<\/p>\n","protected":false},"author":1,"featured_media":0,"parent":0,"menu_order":0,"comment_status":"closed","ping_status":"closed","template":"","meta":{"footnotes":""},"class_list":["post-2372","page","type-page","status-publish","hentry"],"_links":{"self":[{"href":"https:\/\/www.gokhanyorgancigil.com\/index.php?rest_route=\/wp\/v2\/pages\/2372","targetHints":{"allow":["GET"]}}],"collection":[{"href":"https:\/\/www.gokhanyorgancigil.com\/index.php?rest_route=\/wp\/v2\/pages"}],"about":[{"href":"https:\/\/www.gokhanyorgancigil.com\/index.php?rest_route=\/wp\/v2\/types\/page"}],"author":[{"embeddable":true,"href":"https:\/\/www.gokhanyorgancigil.com\/index.php?rest_route=\/wp\/v2\/users\/1"}],"replies":[{"embeddable":true,"href":"https:\/\/www.gokhanyorgancigil.com\/index.php?rest_route=%2Fwp%2Fv2%2Fcomments&post=2372"}],"version-history":[{"count":3,"href":"https:\/\/www.gokhanyorgancigil.com\/index.php?rest_route=\/wp\/v2\/pages\/2372\/revisions"}],"predecessor-version":[{"id":2375,"href":"https:\/\/www.gokhanyorgancigil.com\/index.php?rest_route=\/wp\/v2\/pages\/2372\/revisions\/2375"}],"wp:attachment":[{"href":"https:\/\/www.gokhanyorgancigil.com\/index.php?rest_route=%2Fwp%2Fv2%2Fmedia&parent=2372"}],"curies":[{"name":"wp","href":"https:\/\/api.w.org\/{rel}","templated":true}]}}