{"id":2005,"date":"2017-05-12T00:58:30","date_gmt":"2017-05-11T21:58:30","guid":{"rendered":"http:\/\/www.gokhanyorgancigil.com\/?page_id=2005"},"modified":"2019-09-10T21:04:26","modified_gmt":"2019-09-10T18:04:26","slug":"senaryo-yazarligi-ile-ilgili-yazilar","status":"publish","type":"page","link":"https:\/\/www.gokhanyorgancigil.com\/?page_id=2005","title":{"rendered":"Senaryo Yazarl\u0131\u011f\u0131 \u00dczerine Yaz\u0131lar"},"content":{"rendered":"<p><a href=\"http:\/\/www.gokhanyorgancigil.com\/?p=1915\"><img loading=\"lazy\" decoding=\"async\" class=\"alignright wp-image-2137\" src=\"http:\/\/www.gokhanyorgancigil.com\/wp-content\/uploads\/2017\/05\/camera.jpg\" alt=\"\" width=\"379\" height=\"935\" srcset=\"https:\/\/www.gokhanyorgancigil.com\/wp-content\/uploads\/2017\/05\/camera.jpg 600w, https:\/\/www.gokhanyorgancigil.com\/wp-content\/uploads\/2017\/05\/camera-122x300.jpg 122w, https:\/\/www.gokhanyorgancigil.com\/wp-content\/uploads\/2017\/05\/camera-415x1024.jpg 415w\" sizes=\"auto, (max-width: 379px) 100vw, 379px\" \/>Senaryo Nas\u0131l Yaz\u0131l\u0131r &#8211; 1<br \/>\n<\/a><br \/>\n<a href=\"http:\/\/www.gokhanyorgancigil.com\/?p=1930\">Senaryo Nas\u0131l Yaz\u0131l\u0131r &#8211;\u00a02<br \/>\n<\/a><br \/>\n<a href=\"http:\/\/www.gokhanyorgancigil.com\/?p=1949\">Senaryo Nas\u0131l Yaz\u0131l\u0131r &#8211;\u00a03<br \/>\n<\/a><br \/>\n<a href=\"http:\/\/www.gokhanyorgancigil.com\/?p=1973\">Senaryo Nas\u0131l Yaz\u0131l\u0131r &#8211;\u00a04<br \/>\n<\/a><br \/>\n<a href=\"http:\/\/www.gokhanyorgancigil.com\/?p=1986\">Senaryo Nas\u0131l Yaz\u0131l\u0131r &#8211;\u00a05<br \/>\n<\/a><\/p>\n<p><a href=\"http:\/\/www.gokhanyorgancigil.com\/?p=2142\">Senaryo Nas\u0131l Yaz\u0131l\u0131r &#8211; 6<\/a><\/p>\n<p><a href=\"http:\/\/www.gokhanyorgancigil.com\/?p=2156\">Senaryo Nas\u0131l Yaz\u0131l\u0131r &#8211; 7<\/a><\/p>\n<p><a href=\"http:\/\/www.gokhanyorgancigil.com\/?p=2180\">Senaryo Nas\u0131l Yaz\u0131l\u0131r &#8211; 8<\/a><\/p>\n<p><a href=\"http:\/\/www.gokhanyorgancigil.com\/?p=1905\">\u00c7are Yazmak<\/a><\/p>\n<p><a href=\"http:\/\/www.gokhanyorgancigil.com\/?p=1895\">\u0130yi diyalog &#8211; K\u00f6t\u00fc diyalog<\/a><\/p>\n<p><a href=\"https:\/\/www.gokhanyorgancigil.com\/?p=1936\">Senaryomu Nas\u0131l Satabilirim?<\/a><\/p>\n<p><a href=\"http:\/\/www.gokhanyorgancigil.com\/?p=1882\">Yazarl\u0131\u011f\u0131n Geni Yoktur.<\/a><\/p>\n<p><a href=\"http:\/\/www.gokhanyorgancigil.com\/?p=1868\">Senaryonuzu Kimseye Okutmay\u0131n<\/a><\/p>\n<p><a href=\"http:\/\/www.gokhanyorgancigil.com\/?p=1849\">Senaryonuzun Reddedilmesinin 23 Sebebi<\/a><\/p>\n<p><a href=\"http:\/\/www.gokhanyorgancigil.com\/?p=1742\">Senaryo yazarken merak ettikleriniz&#8230;<\/a><\/p>\n<p><a href=\"http:\/\/www.gokhanyorgancigil.com\/?p=1727\">Yazman\u0131n y\u00f6ntemi olur mu?<\/a><\/p>\n<p><a href=\"http:\/\/www.gokhanyorgancigil.com\/?p=1503\">Belli ba\u015fl\u0131 Dramatik Yap\u0131 yakla\u015f\u0131mlar\u0131<\/a><\/p>\n<p><a href=\"http:\/\/www.gokhanyorgancigil.com\/?p=1305\">Zoraki Kral (King&#8217;s Speech) Filminin arketipik bir analizi<\/a><\/p>\n<p><a href=\"http:\/\/www.gokhanyorgancigil.com\/?p=1288\">Pixar&#8217;dan senaryo yazarlar\u0131na \u00f6neriler<\/a><\/p>\n<p><a href=\"http:\/\/www.gokhanyorgancigil.com\/?p=1000\">Temkinli olmay\u0131n<\/a><\/p>\n<p><a href=\"http:\/\/www.gokhanyorgancigil.com\/?p=907\">Basmakal\u0131p<\/a><\/p>\n<p><a href=\"http:\/\/www.gokhanyorgancigil.com\/?p=888\">Bir senaryo \u00f6rne\u011fi<\/a><\/p>\n<p><a href=\"http:\/\/www.gokhanyorgancigil.com\/?p=2378\" target=\"_blank\" rel=\"noopener noreferrer\">Tretman \u00d6rne\u011fi<\/a><\/p>\n<p><a href=\"http:\/\/www.gokhanyorgancigil.com\/?p=885\">Dramatik yaz\u0131m\u0131n kurallar\u0131 olur mu?<\/a><\/p>\n<p><a href=\"http:\/\/www.gokhanyorgancigil.com\/?p=818\">Sinopsis Nedir, Nas\u0131l Yaz\u0131l\u0131r?<\/a><\/p>\n<p><a href=\"http:\/\/www.gokhanyorgancigil.com\/?p=745\">\u00c7at\u0131\u015fma tipleri<\/a><\/p>\n<p><a href=\"http:\/\/www.gokhanyorgancigil.com\/?p=741\">Kurosawa&#8217;ya g\u00f6re senaryo<\/a><\/p>\n<p><a href=\"http:\/\/www.gokhanyorgancigil.com\/?p=736\">\u00c7at\u0131\u015fma!<\/a><\/p>\n<p><a href=\"http:\/\/www.gokhanyorgancigil.com\/?p=715\">Drama Teori B\u00f6l\u00fcm 2<\/a><\/p>\n<p><a href=\"http:\/\/www.gokhanyorgancigil.com\/?p=711\">Kar\u015f\u0131tl\u0131k m\u0131 Uyum mu?<\/a><\/p>\n<p><a href=\"http:\/\/www.gokhanyorgancigil.com\/?p=703\">Drama Teori B\u00f6l\u00fcm 1<\/a><\/p>\n<p><a href=\"http:\/\/www.gokhanyorgancigil.com\/?p=654\">E\u011fer senaryo yazarl\u0131\u011f\u0131 yapmay\u0131 se\u00e7tiyseniz<\/a><\/p>\n<p><a href=\"http:\/\/www.gokhanyorgancigil.com\/?p=645\">Karakteriniz i\u00e7in bir \u00e7etele<\/a><\/p>\n<p><a href=\"http:\/\/www.gokhanyorgancigil.com\/?p=591\">Tek Boyutlu Karakter<\/a><\/p>\n<p><a href=\"http:\/\/www.gokhanyorgancigil.com\/?p=544\">Yal\u0131n D\u00fc\u015f\u00fcn!<\/a><\/p>\n<p><a href=\"http:\/\/www.gokhanyorgancigil.com\/?p=516\">Senaryo ve Kurallar<\/a><\/p>\n<p><a href=\"http:\/\/www.gokhanyorgancigil.com\/?p=499\">Drama Yazarl\u0131\u011f\u0131 ve Arketipler<\/a><\/p>\n<p><a href=\"http:\/\/www.gokhanyorgancigil.com\/?p=460\">Senaryon Berbat \u00c7\u00fcnk\u00fc<\/a><\/p>\n<p><a href=\"http:\/\/www.gokhanyorgancigil.com\/?p=449\">Duygusal Anahtar \u0130stekler<\/a><\/p>\n<p><a href=\"http:\/\/www.gokhanyorgancigil.com\/?p=435\">Bir \u00d6yk\u00fc Anlatmak<\/a><\/p>\n<p><a href=\"http:\/\/www.gokhanyorgancigil.com\/?p=411\">Senaryo Ba\u015flang\u0131\u00e7 Fikirleri<\/a><\/p>\n<p><a href=\"http:\/\/www.gokhanyorgancigil.com\/?p=339\">Kurmaca yazman\u0131n sekiz kural\u0131<\/a><\/p>\n<p><a href=\"http:\/\/www.gokhanyorgancigil.com\/?p=334\">Senaryo yaz\u0131m\u0131 i\u00e7in 10 ipucu<\/a><\/p>\n<p><a href=\"http:\/\/www.gokhanyorgancigil.com\/?p=277\">Bir senaryoda karakterleri do\u011fru yazmak<\/a><\/p>\n<p><a href=\"http:\/\/www.gokhanyorgancigil.com\/?p=265\">Senaryo Yazar\u0131n\u0131n Fikir Kaynaklar\u0131<\/a><\/p>\n<p><a href=\"http:\/\/www.gokhanyorgancigil.com\/?p=229\">Senaryo Yazmak<\/a><\/p>\n","protected":false},"excerpt":{"rendered":"<p>Senaryo Nas\u0131l Yaz\u0131l\u0131r &#8211; 1 Senaryo Nas\u0131l Yaz\u0131l\u0131r &#8211;\u00a02 Senaryo Nas\u0131l Yaz\u0131l\u0131r &#8211;\u00a03 Senaryo Nas\u0131l Yaz\u0131l\u0131r &#8211;\u00a04 Senaryo Nas\u0131l Yaz\u0131l\u0131r &#8211;\u00a05 Senaryo Nas\u0131l Yaz\u0131l\u0131r &#8211; 6 Senaryo Nas\u0131l Yaz\u0131l\u0131r &#8211; 7 Senaryo Nas\u0131l Yaz\u0131l\u0131r &#8211; 8 \u00c7are Yazmak \u0130yi diyalog &#8211; K\u00f6t\u00fc diyalog Senaryomu Nas\u0131l Satabilirim? Yazarl\u0131\u011f\u0131n Geni Yoktur. Senaryonuzu Kimseye Okutmay\u0131n Senaryonuzun Reddedilmesinin 23 [&hellip;]<\/p>\n","protected":false},"author":1,"featured_media":0,"parent":0,"menu_order":0,"comment_status":"closed","ping_status":"closed","template":"","meta":{"footnotes":""},"class_list":["post-2005","page","type-page","status-publish","hentry"],"_links":{"self":[{"href":"https:\/\/www.gokhanyorgancigil.com\/index.php?rest_route=\/wp\/v2\/pages\/2005","targetHints":{"allow":["GET"]}}],"collection":[{"href":"https:\/\/www.gokhanyorgancigil.com\/index.php?rest_route=\/wp\/v2\/pages"}],"about":[{"href":"https:\/\/www.gokhanyorgancigil.com\/index.php?rest_route=\/wp\/v2\/types\/page"}],"author":[{"embeddable":true,"href":"https:\/\/www.gokhanyorgancigil.com\/index.php?rest_route=\/wp\/v2\/users\/1"}],"replies":[{"embeddable":true,"href":"https:\/\/www.gokhanyorgancigil.com\/index.php?rest_route=%2Fwp%2Fv2%2Fcomments&post=2005"}],"version-history":[{"count":11,"href":"https:\/\/www.gokhanyorgancigil.com\/index.php?rest_route=\/wp\/v2\/pages\/2005\/revisions"}],"predecessor-version":[{"id":2390,"href":"https:\/\/www.gokhanyorgancigil.com\/index.php?rest_route=\/wp\/v2\/pages\/2005\/revisions\/2390"}],"wp:attachment":[{"href":"https:\/\/www.gokhanyorgancigil.com\/index.php?rest_route=%2Fwp%2Fv2%2Fmedia&parent=2005"}],"curies":[{"name":"wp","href":"https:\/\/api.w.org\/{rel}","templated":true}]}}