{"id":187,"date":"2009-06-03T12:02:30","date_gmt":"2009-06-03T09:02:30","guid":{"rendered":"http:\/\/www.gokhanyorgancigil.com\/?page_id=187"},"modified":"2012-04-16T14:35:54","modified_gmt":"2012-04-16T11:35:54","slug":"sifir-dedigimde","status":"publish","type":"page","link":"https:\/\/www.gokhanyorgancigil.com\/?page_id=187","title":{"rendered":"S\u0131f\u0131r Dedi\u011fimde"},"content":{"rendered":"<p>Genellikle bir sinema projesi bir hikayeyle do\u011far. S\u0131f\u0131r Dedi\u011fimde de b\u00f6yle do\u011fdu. Ya\u015fanm\u0131\u015f, gizemli ama yar\u0131m kalm\u0131\u015f bir olay, bir grup sinemasever ve senaristin elinde \u00f6nce senaryoya sonra da filme d\u00f6n\u00fc\u015ft\u00fc. \u00d6yk\u00fcn\u00fcn geli\u015fimi \u00fczerinde y\u00fcr\u00fct\u00fclen \u00e7al\u0131\u015fmalar sekiz ay kadar s\u00fcrd\u00fc. Ortaya tretman ad\u0131n\u0131 verdi\u011fimiz ayr\u0131nt\u0131l\u0131 bir film \u00f6yk\u00fcs\u00fc \u00e7\u0131kt\u0131. Ard\u0131ndan toplam elliye yak\u0131n taslaktan sonra \u00e7ekimlerde kullan\u0131lan senaryo yaz\u0131ld\u0131. Bu da nereden baksan\u0131z alt\u0131 aydan fazla bir zaman alm\u0131\u015ft\u0131. Senaryo, yani hikaye b\u00f6yle geli\u015fedursun, proje de \u015fekilleniyordu.<img loading=\"lazy\" decoding=\"async\" class=\"alignleft\" src=\"http:\/\/upload.wikimedia.org\/wikipedia\/tr\/thumb\/f\/fd\/S%C4%B1f%C4%B1r_Dedi%C4%9Fimde_-_Teaser_Afi%C5%9Fi.jpg\/420px-S%C4%B1f%C4%B1r_Dedi%C4%9Fimde_-_Teaser_Afi%C5%9Fi.jpg\" alt=\"\" width=\"420\" height=\"600\" \/> Ortada hen\u00fcz bitmemi\u015f bir  tretman varken \u201c<strong>a\u00e7\u0131k kodlu bir sinema  filmi yapmak<\/strong>\u201d maksad\u0131yla May\u0131s 2005\u2019te <a href=\"http:\/\/www.mahkum.net\/\">mahkum.net<\/a> yay\u0131na ba\u015flad\u0131. \u201cMahkum\u201d projenin kod ad\u0131yd\u0131. Tretman\u0131n geli\u015fim s\u00fcrecinde <a href=\"http:\/\/www.mahkum.net\/2005\/05\/24\/mahkumun-oykusu-uzerine\/\">Mahkum\u2019un  \u00d6yk\u00fcs\u00fc \u00dczerine<\/a> yap\u0131lan tart\u0131\u015fmalar hep \u00f6yk\u00fcy\u00fc \u015fekillendirdi hem de projenin  hedef kitlesi hakk\u0131nda sa\u011fl\u0131kl\u0131 bilgiler kazand\u0131rd\u0131.  Sanal d\u00fcnyada projenin yap\u0131m imkanlar\u0131 tart\u0131\u015f\u0131l\u0131rken sanal olmayan d\u00fcnyada da geli\u015fmeler ya\u015fand\u0131. mahkum.net\u2019te hikayedeki karakterler tart\u0131\u015f\u0131ld\u0131, bu karakterleri kimlerin canland\u0131raca\u011f\u0131 \u00fczerine anketler d\u00fczenlendi. Projeye nas\u0131l finans bulunaca\u011f\u0131 \u00fczerine fikir al\u0131\u015fveri\u015fleri yap\u0131ld\u0131. D\u00fcnyaca \u00fcnl\u00fc g\u00f6r\u00fcnt\u00fc y\u00f6netmeni <a href=\"http:\/\/www.imdb.com\/name\/nm0093151\/\">Alun Bollinger<\/a>, <a href=\"http:\/\/www.mahkum.net\/\">mahkum.net<\/a> kat\u0131l\u0131mc\u0131lar\u0131n\u0131n deste\u011fiyle  projeye dahil oldu. Hikaye \u00fczerinde <a href=\"http:\/\/www.imdb.com\/name\/nm0093151\/\">Alun Bollinger<\/a> ile uzun yaz\u0131\u015fmalar ger\u00e7ekle\u015fti. Nitekim Bollinger ile g\u00f6r\u00fcnt\u00fc y\u00f6netmeni olarak projede yer almak i\u00e7in anla\u015f\u0131ld\u0131. Ne var ki ki\u015fisel sebeplerden \u00f6t\u00fcr\u00fc bu ger\u00e7ekle\u015fmedi, bir sonraki proje i\u00e7in s\u00f6zle\u015fildi. Bununla birlikte <a href=\"http:\/\/www.imdb.com\/name\/nm0093151\/\">Alun Bollinger<\/a>\u2019in senaryomuza  \u00f6nemli katk\u0131lar\u0131 oldu.  T.C. K\u00fclt\u00fcr Bakanl\u0131\u011f\u0131 projeye, senaryo yaz\u0131m\u0131 ve yap\u0131m destekleri verdi. \u00c7ekim zaman\u0131 geldi\u011finde mahkum.net kat\u0131l\u0131mc\u0131lar\u0131 \u201cset yemekleri benden\u201d \u201carabam\u0131 \u00e7ekimlerde kullan\u0131n\u201d gibi payla\u015f\u0131mlar\u0131yla a\u00e7\u0131k kodlu bir ilk yap\u0131ma destek olmak i\u00e7in ellerinden geleni yapt\u0131lar.  \u00d6zetle, sinemaya g\u00f6n\u00fcl vermi\u015f \u00e7ok say\u0131da insan\u0131n bir araya gelmesiyle olu\u015fmu\u015f kollektif bir \u00e7al\u0131\u015fman\u0131n \u00fcr\u00fcn\u00fcd\u00fcr S\u0131f\u0131r Dedi\u011fimde. Bu a\u00e7\u0131dan bak\u0131ld\u0131\u011f\u0131nda d\u00fcnyada bir ilktir. \u0130nternetin yayg\u0131nla\u015fmas\u0131 ile gelecekte sinema sanat\u0131n\u0131n yap\u0131m ve \u00fcretim a\u015famalar\u0131nda ne gibi de\u011fi\u015fimler ya\u015fanaca\u011f\u0131na dair ipu\u00e7lar\u0131n\u0131 bar\u0131nd\u0131rmaktad\u0131r&#8230;  \u201cPotansiyel bir izleyici olarak hikayede m\u00fckemmel bir gerilim yakaland\u0131\u011f\u0131n\u0131 d\u00fc\u015f\u00fcn\u00fcyorum. Asl\u0131\u2019n\u0131n ya\u015fad\u0131\u011f\u0131 ola\u011fan\u00fcst\u00fc deneyimin bizi g\u00f6t\u00fcrebilece\u011fi yerler heyecan verici. Nevin ve Melih\u2019in Asl\u0131 ile ilgili kayg\u0131lar\u0131n\u0131 payla\u015fmamak ve hipnoz evreninde Asl\u0131\u2019ya neler olaca\u011f\u0131n\u0131 merak etmemek m\u00fcmk\u00fcn de\u011fil\u201d  Alun Bollinger Lord Of The Rings,  Frighteners, Cast Away, Piano, Heavenly Creatures, No Way Out filmlerinin  g\u00f6r\u00fcnt\u00fc y\u00f6netmeni.<\/p>\n","protected":false},"excerpt":{"rendered":"<p>Genellikle bir sinema projesi bir hikayeyle do\u011far. S\u0131f\u0131r Dedi\u011fimde de b\u00f6yle do\u011fdu. Ya\u015fanm\u0131\u015f, gizemli ama yar\u0131m kalm\u0131\u015f bir olay, bir grup sinemasever ve senaristin elinde \u00f6nce senaryoya sonra da filme d\u00f6n\u00fc\u015ft\u00fc. \u00d6yk\u00fcn\u00fcn geli\u015fimi \u00fczerinde y\u00fcr\u00fct\u00fclen \u00e7al\u0131\u015fmalar sekiz ay kadar s\u00fcrd\u00fc. Ortaya tretman ad\u0131n\u0131 verdi\u011fimiz ayr\u0131nt\u0131l\u0131 bir film \u00f6yk\u00fcs\u00fc \u00e7\u0131kt\u0131. Ard\u0131ndan toplam elliye yak\u0131n taslaktan sonra [&hellip;]<\/p>\n","protected":false},"author":1,"featured_media":0,"parent":0,"menu_order":0,"comment_status":"open","ping_status":"open","template":"","meta":{"footnotes":""},"class_list":["post-187","page","type-page","status-publish","hentry"],"_links":{"self":[{"href":"https:\/\/www.gokhanyorgancigil.com\/index.php?rest_route=\/wp\/v2\/pages\/187","targetHints":{"allow":["GET"]}}],"collection":[{"href":"https:\/\/www.gokhanyorgancigil.com\/index.php?rest_route=\/wp\/v2\/pages"}],"about":[{"href":"https:\/\/www.gokhanyorgancigil.com\/index.php?rest_route=\/wp\/v2\/types\/page"}],"author":[{"embeddable":true,"href":"https:\/\/www.gokhanyorgancigil.com\/index.php?rest_route=\/wp\/v2\/users\/1"}],"replies":[{"embeddable":true,"href":"https:\/\/www.gokhanyorgancigil.com\/index.php?rest_route=%2Fwp%2Fv2%2Fcomments&post=187"}],"version-history":[{"count":5,"href":"https:\/\/www.gokhanyorgancigil.com\/index.php?rest_route=\/wp\/v2\/pages\/187\/revisions"}],"predecessor-version":[{"id":1092,"href":"https:\/\/www.gokhanyorgancigil.com\/index.php?rest_route=\/wp\/v2\/pages\/187\/revisions\/1092"}],"wp:attachment":[{"href":"https:\/\/www.gokhanyorgancigil.com\/index.php?rest_route=%2Fwp%2Fv2%2Fmedia&parent=187"}],"curies":[{"name":"wp","href":"https:\/\/api.w.org\/{rel}","templated":true}]}}