{"id":136,"date":"2007-03-02T16:02:50","date_gmt":"2007-03-02T13:02:50","guid":{"rendered":"http:\/\/www.mahkum.net\/kim-kimdir\/gokhan-yorgancigil\/"},"modified":"2020-08-04T15:46:14","modified_gmt":"2020-08-04T12:46:14","slug":"gokhan-yorgancigil","status":"publish","type":"page","link":"https:\/\/www.gokhanyorgancigil.com\/?page_id=136","title":{"rendered":"G\u00f6khan Yorganc\u0131gil"},"content":{"rendered":"<p><img decoding=\"async\" class=\"alignleft\" title=\"Gokhan Yorganc\u0131gil\" src=\"http:\/\/farm3.static.flickr.com\/2566\/4166421300_d2a62dd2c9_o.jpg\" alt=\"\" align=\"left\" \/>1970 y\u0131l\u0131nda Ayd\u0131n&#8217;da do\u011fdu. Kayseri Fen Lisesi&#8217;ni ve ard\u0131ndan \u0130T\u00dc makine m\u00fchendisli\u011fi b\u00f6l\u00fcm\u00fcn\u00fc bitirdi. Lise y\u0131llar\u0131nda \u00f6yk\u00fcler yazd\u0131, \u00fcniversite y\u0131llar\u0131nda y\u00f6netmen yard\u0131mc\u0131l\u0131\u011f\u0131 yaparak sinemaya at\u0131ld\u0131. Halit Refi\u011f ve Y\u00fccel \u00c7akmakl\u0131 gibi ustalar\u0131n baz\u0131 sinema ve TV projelerinde yard\u0131mc\u0131l\u0131\u011f\u0131n\u0131 yapt\u0131. 1997 y\u0131l\u0131ndan itibaren kendi yazd\u0131\u011f\u0131 baz\u0131lar\u0131 Almanya, K\u0131rg\u0131zistan, Kazakistan, Kenya, Zengibar, G\u00fcney Afrika Cumhuriyeti ve ABD&#8217;de olmak \u00fczere belgeseller ve k\u0131sa metrajl\u0131 dramalar\u0131 y\u00f6netti. 2007 kas\u0131m\u0131nda T\u00fcrkiye&#8217;de g\u00f6sterime giren, 2009 Worldfest Houston Film Festivalinde iki ayr\u0131 j\u00fcri \u00f6zel \u00fcd\u00fcl\u00fc kazanan, Oktay Kaynarca, Haz\u0131m K\u00f6rm\u00fck\u00e7\u00fc, G\u00f6rkem Yeltan ve Damla Tokel&#8217;in ba\u015frolleri payla\u015ft\u0131\u011f\u0131 S\u0131f\u0131r Dedi\u011fimde filmini yaz\u0131p y\u00f6netti. 2013 y\u0131l\u0131nda yedi b\u00f6l\u00fcml\u00fck Afrika ve Osmanl\u0131 isimli bir belgeseli tamamlam\u0131\u015ft\u0131r. 2008&#8217;den itibaren dersler, seminerler vermekte ve senaryo yaz\u0131m\u0131 at\u00f6lyeleri d\u00fczenlemektedir. G\u00f6khan Yorganc\u0131gil, evli ve iki\u00a0\u00e7ocuk babas\u0131d\u0131r.<\/p>\n<p>***<br \/>Gokhan Yorgancigil was born in Aydin, near Mediterranean coast of Turkey. He started to write short stories in his high school years while he was discovering his interest on arts he also studied science and technology willingly. Due to his engagement and love of cinema he started to his film career as an assistant director while he was a student of mechanical engineering. He continued to working as a director\u2019s assistant during his college years. He collaborated with veteran film directors Halit Refig and Yucel Cakmakli for their cinema and television projects. His short film debut \u201cEscape from\u201d (1994) was screened at the Ankara Film Festival. He made documentary films in various countries including a documentary in 2004 with the author Chingiz Aitmatov, who is best known as a major figure in Kyrgyz and Russian literature, his books were translated into 150 languages. After making surveys in all email groups related with Turkish people living in Germany, Gokhan Yorgancigil wrote and directed the documentary Evet-Ja; A Look to German-Turkish Marriages in 2005. It was 2007 when he directed his first feature-length film Sifir Dedigimde ( On the Count of Zero ).\u00a0The film took place in Austin Film Festival, the festival\u2019s lineup of Marquee Screenings in 2008. On the Count of Zero also won two different jury prizes at the Worldfest Houston Film Festival in 2009. The director who also added the documentary film Kenya: Ke\u015ffedilmeyi Bekleyen Topraklar ( Kenya, A Land Still Waiting to Be Explored ) (2009) to his film credits, and completed his latest work Afrika ve\u00a0Osmanl\u0131, ( Africa and Ottomans ) another documentary film, in 2014. The seven episodes documentary aired on domestic and international channels of TRT (Turkish Radio and Television Corporation) in different languages including English, Kurdish and Arabic in 2015. Gokhan Yorgancigil also give seminars and lectures about filmmaking and screenwriting in universities and independent institutions since 2008.<\/p>\n<p>\u0130leti\u015fim\/Contact: <a href=\"mailto:yorgancigil@gmail.com\">email<\/a><\/p>\n\n\n<figure class=\"wp-block-image size-large is-resized\"><img loading=\"lazy\" decoding=\"async\" src=\"http:\/\/www.gokhanyorgancigil.com\/wp-content\/uploads\/2020\/01\/PP2-726x1024.jpg\" alt=\"\" class=\"wp-image-2432\" width=\"363\" height=\"512\" srcset=\"https:\/\/www.gokhanyorgancigil.com\/wp-content\/uploads\/2020\/01\/PP2-726x1024.jpg 726w, https:\/\/www.gokhanyorgancigil.com\/wp-content\/uploads\/2020\/01\/PP2-213x300.jpg 213w, https:\/\/www.gokhanyorgancigil.com\/wp-content\/uploads\/2020\/01\/PP2-768x1083.jpg 768w, https:\/\/www.gokhanyorgancigil.com\/wp-content\/uploads\/2020\/01\/PP2.jpg 851w\" sizes=\"auto, (max-width: 363px) 100vw, 363px\" \/><\/figure>\n","protected":false},"excerpt":{"rendered":"<p>1970 y\u0131l\u0131nda Ayd\u0131n&#8217;da do\u011fdu. Kayseri Fen Lisesi&#8217;ni ve ard\u0131ndan \u0130T\u00dc makine m\u00fchendisli\u011fi b\u00f6l\u00fcm\u00fcn\u00fc bitirdi. Lise y\u0131llar\u0131nda \u00f6yk\u00fcler yazd\u0131, \u00fcniversite y\u0131llar\u0131nda y\u00f6netmen yard\u0131mc\u0131l\u0131\u011f\u0131 yaparak sinemaya at\u0131ld\u0131. Halit Refi\u011f ve Y\u00fccel \u00c7akmakl\u0131 gibi ustalar\u0131n baz\u0131 sinema ve TV projelerinde yard\u0131mc\u0131l\u0131\u011f\u0131n\u0131 yapt\u0131. 1997 y\u0131l\u0131ndan itibaren kendi yazd\u0131\u011f\u0131 baz\u0131lar\u0131 Almanya, K\u0131rg\u0131zistan, Kazakistan, Kenya, Zengibar, G\u00fcney Afrika Cumhuriyeti ve ABD&#8217;de [&hellip;]<\/p>\n","protected":false},"author":1,"featured_media":0,"parent":0,"menu_order":0,"comment_status":"closed","ping_status":"open","template":"","meta":{"footnotes":""},"class_list":["post-136","page","type-page","status-publish","hentry"],"_links":{"self":[{"href":"https:\/\/www.gokhanyorgancigil.com\/index.php?rest_route=\/wp\/v2\/pages\/136","targetHints":{"allow":["GET"]}}],"collection":[{"href":"https:\/\/www.gokhanyorgancigil.com\/index.php?rest_route=\/wp\/v2\/pages"}],"about":[{"href":"https:\/\/www.gokhanyorgancigil.com\/index.php?rest_route=\/wp\/v2\/types\/page"}],"author":[{"embeddable":true,"href":"https:\/\/www.gokhanyorgancigil.com\/index.php?rest_route=\/wp\/v2\/users\/1"}],"replies":[{"embeddable":true,"href":"https:\/\/www.gokhanyorgancigil.com\/index.php?rest_route=%2Fwp%2Fv2%2Fcomments&post=136"}],"version-history":[{"count":28,"href":"https:\/\/www.gokhanyorgancigil.com\/index.php?rest_route=\/wp\/v2\/pages\/136\/revisions"}],"predecessor-version":[{"id":2486,"href":"https:\/\/www.gokhanyorgancigil.com\/index.php?rest_route=\/wp\/v2\/pages\/136\/revisions\/2486"}],"wp:attachment":[{"href":"https:\/\/www.gokhanyorgancigil.com\/index.php?rest_route=%2Fwp%2Fv2%2Fmedia&parent=136"}],"curies":[{"name":"wp","href":"https:\/\/api.w.org\/{rel}","templated":true}]}}